{"id":22501,"date":"2024-05-13T07:48:24","date_gmt":"2024-05-13T07:48:24","guid":{"rendered":"https:\/\/navelgasoro.com\/?page_id=22501"},"modified":"2024-05-13T07:49:52","modified_gmt":"2024-05-13T07:49:52","slug":"politica-de-cookies","status":"publish","type":"page","link":"https:\/\/navelgasoro.com\/en\/politica-de-cookies\/","title":{"rendered":"Cookies policy"},"content":{"rendered":"<div data-elementor-type=\"wp-page\" data-elementor-id=\"22501\" class=\"elementor elementor-22501\">\n\t\t\t\t\t\t<section class=\"elementor-section elementor-top-section elementor-element elementor-element-49686de elementor-section-height-min-height elementor-section-content-top elementor-section-items-top elementor-section-boxed elementor-section-height-default sc_fly_static\" data-id=\"49686de\" data-element_type=\"section\">\n\t\t\t\t\t\t<div class=\"elementor-container elementor-column-gap-extended\">\n\t\t\t\t\t<div class=\"elementor-column elementor-col-100 elementor-top-column elementor-element elementor-element-f1dbf11 sc_layouts_column_align_center sc_layouts_column sc_inner_width_none sc_content_align_inherit sc_layouts_column_icons_position_left sc_fly_static\" data-id=\"f1dbf11\" data-element_type=\"column\">\n\t\t\t<div class=\"elementor-widget-wrap elementor-element-populated\">\n\t\t\t\t\t\t<div class=\"elementor-element elementor-element-b5f1be0 elementor-view-default sc_fly_static elementor-widget elementor-widget-icon\" data-id=\"b5f1be0\" data-element_type=\"widget\" data-widget_type=\"icon.default\">\n\t\t\t\t<div class=\"elementor-widget-container\">\n\t\t\t\t\t<div class=\"elementor-icon-wrapper\">\n\t\t\t<a class=\"elementor-icon\" href=\"#anchor\">\n\t\t\t\t\t\t<\/a>\n\t\t<\/div>\n\t\t\t\t<\/div>\n\t\t\t\t<\/div>\n\t\t\t\t\t<\/div>\n\t\t<\/div>\n\t\t\t\t\t<\/div>\n\t\t<\/section>\n\t\t\t\t<section class=\"elementor-section elementor-top-section elementor-element elementor-element-07505bc elementor-section-boxed elementor-section-height-default elementor-section-height-default sc_fly_static\" data-id=\"07505bc\" data-element_type=\"section\">\n\t\t\t\t\t\t<div class=\"elementor-container elementor-column-gap-extended\">\n\t\t\t\t\t<div class=\"elementor-column elementor-col-100 elementor-top-column elementor-element elementor-element-e81588a sc_inner_width_none sc_content_align_inherit sc_layouts_column_icons_position_left sc_fly_static\" data-id=\"e81588a\" data-element_type=\"column\">\n\t\t\t<div class=\"elementor-widget-wrap elementor-element-populated\">\n\t\t\t\t\t\t<div class=\"elementor-element elementor-element-c75e150 sc_height_huge sc_fly_static elementor-widget elementor-widget-spacer\" data-id=\"c75e150\" data-element_type=\"widget\" data-widget_type=\"spacer.default\">\n\t\t\t\t<div class=\"elementor-widget-container\">\n\t\t\t<style>\/*! elementor - v3.21.0 - 25-04-2024 *\/\n.elementor-column .elementor-spacer-inner{height:var(--spacer-size)}.e-con{--container-widget-width:100%}.e-con-inner>.elementor-widget-spacer,.e-con>.elementor-widget-spacer{width:var(--container-widget-width,var(--spacer-size));--align-self:var(--container-widget-align-self,initial);--flex-shrink:0}.e-con-inner>.elementor-widget-spacer>.elementor-widget-container,.e-con>.elementor-widget-spacer>.elementor-widget-container{height:100%;width:100%}.e-con-inner>.elementor-widget-spacer>.elementor-widget-container>.elementor-spacer,.e-con>.elementor-widget-spacer>.elementor-widget-container>.elementor-spacer{height:100%}.e-con-inner>.elementor-widget-spacer>.elementor-widget-container>.elementor-spacer>.elementor-spacer-inner,.e-con>.elementor-widget-spacer>.elementor-widget-container>.elementor-spacer>.elementor-spacer-inner{height:var(--container-widget-height,var(--spacer-size))}.e-con-inner>.elementor-widget-spacer.elementor-widget-empty,.e-con>.elementor-widget-spacer.elementor-widget-empty{position:relative;min-height:22px;min-width:22px}.e-con-inner>.elementor-widget-spacer.elementor-widget-empty .elementor-widget-empty-icon,.e-con>.elementor-widget-spacer.elementor-widget-empty .elementor-widget-empty-icon{position:absolute;top:0;bottom:0;left:0;right:0;margin:auto;padding:0;width:22px;height:22px}<\/style>\t\t<div class=\"elementor-spacer\">\n\t\t\t<div class=\"elementor-spacer-inner\"><\/div>\n\t\t<\/div>\n\t\t\t\t<\/div>\n\t\t\t\t<\/div>\n\t\t\t\t\t<\/div>\n\t\t<\/div>\n\t\t\t\t\t<\/div>\n\t\t<\/section>\n\t\t<div class=\"e-con-with-custom-width elementor-element elementor-element-f8b4a8a e-flex e-con-boxed sc_inner_width_none sc_layouts_column_icons_position_left e-con e-parent\" data-id=\"f8b4a8a\" data-element_type=\"container\">\n\t\t\t\t\t<div class=\"e-con-inner\">\n\t\t\t\t<div class=\"elementor-element elementor-element-846958c sc_fly_static elementor-widget elementor-widget-text-editor\" data-id=\"846958c\" data-element_type=\"widget\" data-widget_type=\"text-editor.default\">\n\t\t\t\t<div class=\"elementor-widget-container\">\n\t\t\t<style>\/*! elementor - v3.21.0 - 25-04-2024 *\/\n.elementor-widget-text-editor.elementor-drop-cap-view-stacked .elementor-drop-cap{background-color:#69727d;color:#fff}.elementor-widget-text-editor.elementor-drop-cap-view-framed .elementor-drop-cap{color:#69727d;border:3px solid;background-color:transparent}.elementor-widget-text-editor:not(.elementor-drop-cap-view-default) .elementor-drop-cap{margin-top:8px}.elementor-widget-text-editor:not(.elementor-drop-cap-view-default) .elementor-drop-cap-letter{width:1em;height:1em}.elementor-widget-text-editor .elementor-drop-cap{float:left;text-align:center;line-height:1;font-size:50px}.elementor-widget-text-editor .elementor-drop-cap-letter{display:inline-block}<\/style>\t\t\t\t<p>Access to this Web Site may involve the use of cookies. Cookies are small amounts of information that are stored in the browser used by each User -in the different devices that can be used to navigate- so that the server remembers certain information that later and only the server that implemented it will read. Cookies make browsing easier, more user-friendly, and do not damage the browsing device.<\/p><p>Cookies are automatic procedures for collecting information relating to the preferences determined by the User during his\/her visit to the Website in order to recognize him\/her as a User, and to personalize his\/her experience and use of the Website, and may also, for example, help to identify and resolve errors.<\/p><p>The information collected through cookies may include the date and time of visits to the Web Site, the pages viewed, the time spent on the Web Site and the sites visited just before and just after the same. However, no cookie allows this cookie to contact the User's telephone number or any other means of personal contact. No cookie can extract information from the User's hard drive or steal personal information. The only way for the User's private information to be part of the Cookie file is for the User to personally give that information to the server.<\/p><p>Cookies that allow a person to be identified are considered personal data. Therefore, the Privacy Policy described above shall apply to them. In this sense, the use of cookies requires the consent of the User. This consent will be communicated, on the basis of a genuine choice, offered by means of an affirmative and positive decision, before the initial processing, removable and documented.<\/p><div class=\"wp-block-spacer\" aria-hidden=\"true\">\u00a0<\/div><h3 id=\"cookies-propias\" class=\"has-color-principal-color has-text-color wp-block-heading\">Own Cookies<\/h3><p>Cookies are those that are sent to the User's computer or device and managed exclusively by Generator of legal texts for web pages for the better functioning of the Website. The information collected is used to improve the quality of the Website and its Content and your experience as a User. These cookies make it possible to recognize the User as a recurring visitor to the Website and to adapt the content to offer him\/her content that suits his\/her preferences.<\/p><div class=\"wp-block-spacer\" aria-hidden=\"true\">\u00a0<\/div><h3 id=\"cookies-de-terceros\" class=\"has-color-principal-color has-text-color wp-block-heading\">Third party cookies<\/h3><p>These cookies are used and managed by external entities that provide Generador de textos legales para p\u00e1ginas webservicios requested by the same to improve the Website and the user experience when browsing the Website. The main purposes for which third-party cookies are used are to obtain access statistics and analyze navigation information, i.e., how the User interacts with the Website.<\/p><p>The information obtained refers, for example, to the number of pages visited, the language, the place where the IP address from which the User accesses, the number of Users who access, the frequency and recurrence of visits, the time of visit, the browser used, the operator or type of device from which the visit is made. This information is used to improve the Web Site, and to detect new needs in order to offer the Users a Content and\/or service of optimum quality. In any case, the information is collected anonymously and Web Site trend reports are prepared without identifying individual users.<\/p><p>You can obtain more information about cookies, privacy information, or consult the description of the type of cookies used, their main characteristics, expiration period, etc. at the following link(s):<\/p><pre class=\"wp-block-preformatted\">Google Analytics: http:\/\/analytics.google.com\/<\/pre><p>The entity(ies) in charge of providing cookies may transfer this information to third parties, if required by law or if a third party processes this information for such entities.<\/p><div class=\"wp-block-spacer\" aria-hidden=\"true\">\u00a0<\/div><h3 id=\"deshabilitar-rechazar-y-eliminar-cookies\" class=\"has-color-principal-color has-text-color wp-block-heading\">Disabling, rejecting and deleting cookies<\/h3><p>The User can disable, reject and delete cookies - in whole or in part - installed on their device by configuring their browser (among which are, for example, Chrome, Firefox, Safari, Explorer). In this regard, the procedures for rejecting and deleting cookies may differ from one Internet browser to another. Consequently, the User must follow the instructions provided by the Internet browser that he\/she is using. In the event that you reject the use of cookies - in whole or in part - you may continue to use the Web Site, although you may be limited in the use of some of its features.<\/p>\t\t\t\t\t\t<\/div>\n\t\t\t\t<\/div>\n\t\t\t\t\t<\/div>\n\t\t\t\t<\/div>\n\t\t\t\t<section class=\"elementor-section elementor-top-section elementor-element elementor-element-c3c5f42 elementor-section-boxed elementor-section-height-default elementor-section-height-default sc_fly_static\" data-id=\"c3c5f42\" data-element_type=\"section\">\n\t\t\t\t\t\t<div class=\"elementor-container elementor-column-gap-extended\">\n\t\t\t\t\t<div class=\"elementor-column elementor-col-100 elementor-top-column elementor-element elementor-element-8f1ab2a sc_inner_width_none sc_content_align_inherit sc_layouts_column_icons_position_left sc_fly_static\" data-id=\"8f1ab2a\" data-element_type=\"column\">\n\t\t\t<div class=\"elementor-widget-wrap elementor-element-populated\">\n\t\t\t\t\t\t<div class=\"elementor-element elementor-element-ef2d79a sc_height_medium sc_fly_static elementor-widget elementor-widget-spacer\" data-id=\"ef2d79a\" data-element_type=\"widget\" data-widget_type=\"spacer.default\">\n\t\t\t\t<div class=\"elementor-widget-container\">\n\t\t\t\t\t<div class=\"elementor-spacer\">\n\t\t\t<div class=\"elementor-spacer-inner\"><\/div>\n\t\t<\/div>\n\t\t\t\t<\/div>\n\t\t\t\t<\/div>\n\t\t\t\t\t<\/div>\n\t\t<\/div>\n\t\t\t\t\t<\/div>\n\t\t<\/section>\n\t\t\t\t<\/div>","protected":false},"excerpt":{"rendered":"<p>El acceso a este Sitio Web puede implicar la utilizaci\u00f3n de cookies. Las cookies son peque\u00f1as cantidades de informaci\u00f3n que se almacenan en el navegador utilizado por cada Usuario \u2014en&hellip;<\/p>","protected":false},"author":3,"featured_media":0,"parent":0,"menu_order":0,"comment_status":"closed","ping_status":"closed","template":"","meta":{"footnotes":""},"yoast_head":"<!-- This site is optimized with the Yoast SEO plugin v22.7 - https:\/\/yoast.com\/wordpress\/plugins\/seo\/ -->\n<title>Pol\u00edtica de cookies - Navelgas Oro<\/title>\n<meta name=\"robots\" content=\"index, follow, max-snippet:-1, max-image-preview:large, max-video-preview:-1\" \/>\n<link rel=\"canonical\" href=\"https:\/\/navelgasoro.com\/en\/politica-de-cookies\/\" \/>\n<meta property=\"og:locale\" content=\"en_US\" \/>\n<meta property=\"og:type\" content=\"article\" \/>\n<meta property=\"og:title\" content=\"Pol\u00edtica de cookies - Navelgas Oro\" \/>\n<meta property=\"og:description\" content=\"El acceso a este Sitio Web puede implicar la utilizaci\u00f3n de cookies. Las cookies son peque\u00f1as cantidades de informaci\u00f3n que se almacenan en el navegador utilizado por cada Usuario \u2014en&hellip;\" \/>\n<meta property=\"og:url\" content=\"https:\/\/navelgasoro.com\/en\/politica-de-cookies\/\" \/>\n<meta property=\"og:site_name\" content=\"Navelgas Oro\" \/>\n<meta property=\"article:modified_time\" content=\"2024-05-13T07:49:52+00:00\" \/>\n<meta name=\"twitter:card\" content=\"summary_large_image\" \/>\n<meta name=\"twitter:label1\" content=\"Est. reading time\" \/>\n\t<meta name=\"twitter:data1\" content=\"4 minutes\" \/>\n<script type=\"application\/ld+json\" class=\"yoast-schema-graph\">{\"@context\":\"https:\/\/schema.org\",\"@graph\":[{\"@type\":\"WebPage\",\"@id\":\"https:\/\/navelgasoro.com\/politica-de-cookies\/\",\"url\":\"https:\/\/navelgasoro.com\/politica-de-cookies\/\",\"name\":\"Pol\u00edtica de cookies - Navelgas Oro\",\"isPartOf\":{\"@id\":\"https:\/\/navelgasoro.com\/#website\"},\"datePublished\":\"2024-05-13T07:48:24+00:00\",\"dateModified\":\"2024-05-13T07:49:52+00:00\",\"breadcrumb\":{\"@id\":\"https:\/\/navelgasoro.com\/politica-de-cookies\/#breadcrumb\"},\"inLanguage\":\"en-US\",\"potentialAction\":[{\"@type\":\"ReadAction\",\"target\":[\"https:\/\/navelgasoro.com\/politica-de-cookies\/\"]}]},{\"@type\":\"BreadcrumbList\",\"@id\":\"https:\/\/navelgasoro.com\/politica-de-cookies\/#breadcrumb\",\"itemListElement\":[{\"@type\":\"ListItem\",\"position\":1,\"name\":\"Portada\",\"item\":\"https:\/\/navelgasoro.com\/\"},{\"@type\":\"ListItem\",\"position\":2,\"name\":\"Pol\u00edtica de cookies\"}]},{\"@type\":\"WebSite\",\"@id\":\"https:\/\/navelgasoro.com\/#website\",\"url\":\"https:\/\/navelgasoro.com\/\",\"name\":\"Navelgas Oro\",\"description\":\"Asociaci\u00f3n de Bateadores de Oro \u201cBarciaecus\u201d de Navelgas\",\"publisher\":{\"@id\":\"https:\/\/navelgasoro.com\/#organization\"},\"potentialAction\":[{\"@type\":\"SearchAction\",\"target\":{\"@type\":\"EntryPoint\",\"urlTemplate\":\"https:\/\/navelgasoro.com\/?s={search_term_string}\"},\"query-input\":\"required name=search_term_string\"}],\"inLanguage\":\"en-US\"},{\"@type\":\"Organization\",\"@id\":\"https:\/\/navelgasoro.com\/#organization\",\"name\":\"Navelgas Oro\",\"url\":\"https:\/\/navelgasoro.com\/\",\"logo\":{\"@type\":\"ImageObject\",\"inLanguage\":\"en-US\",\"@id\":\"https:\/\/navelgasoro.com\/#\/schema\/logo\/image\/\",\"url\":\"https:\/\/navelgasoro.com\/wp-content\/uploads\/2024\/04\/Mesa-de-trabajo-1-1.png\",\"contentUrl\":\"https:\/\/navelgasoro.com\/wp-content\/uploads\/2024\/04\/Mesa-de-trabajo-1-1.png\",\"width\":1920,\"height\":1080,\"caption\":\"Navelgas Oro\"},\"image\":{\"@id\":\"https:\/\/navelgasoro.com\/#\/schema\/logo\/image\/\"}}]}<\/script>\n<!-- \/ Yoast SEO plugin. -->","yoast_head_json":{"title":"Pol\u00edtica de cookies - Navelgas Oro","robots":{"index":"index","follow":"follow","max-snippet":"max-snippet:-1","max-image-preview":"max-image-preview:large","max-video-preview":"max-video-preview:-1"},"canonical":"https:\/\/navelgasoro.com\/en\/politica-de-cookies\/","og_locale":"en_US","og_type":"article","og_title":"Pol\u00edtica de cookies - Navelgas Oro","og_description":"El acceso a este Sitio Web puede implicar la utilizaci\u00f3n de cookies. Las cookies son peque\u00f1as cantidades de informaci\u00f3n que se almacenan en el navegador utilizado por cada Usuario \u2014en&hellip;","og_url":"https:\/\/navelgasoro.com\/en\/politica-de-cookies\/","og_site_name":"Navelgas Oro","article_modified_time":"2024-05-13T07:49:52+00:00","twitter_card":"summary_large_image","twitter_misc":{"Est. reading time":"4 minutes"},"schema":{"@context":"https:\/\/schema.org","@graph":[{"@type":"WebPage","@id":"https:\/\/navelgasoro.com\/politica-de-cookies\/","url":"https:\/\/navelgasoro.com\/politica-de-cookies\/","name":"Pol\u00edtica de cookies - Navelgas Oro","isPartOf":{"@id":"https:\/\/navelgasoro.com\/#website"},"datePublished":"2024-05-13T07:48:24+00:00","dateModified":"2024-05-13T07:49:52+00:00","breadcrumb":{"@id":"https:\/\/navelgasoro.com\/politica-de-cookies\/#breadcrumb"},"inLanguage":"en-US","potentialAction":[{"@type":"ReadAction","target":["https:\/\/navelgasoro.com\/politica-de-cookies\/"]}]},{"@type":"BreadcrumbList","@id":"https:\/\/navelgasoro.com\/politica-de-cookies\/#breadcrumb","itemListElement":[{"@type":"ListItem","position":1,"name":"Portada","item":"https:\/\/navelgasoro.com\/"},{"@type":"ListItem","position":2,"name":"Pol\u00edtica de cookies"}]},{"@type":"WebSite","@id":"https:\/\/navelgasoro.com\/#website","url":"https:\/\/navelgasoro.com\/","name":"Navelgas Oro","description":"Asociaci\u00f3n de Bateadores de Oro \u201cBarciaecus\u201d de Navelgas","publisher":{"@id":"https:\/\/navelgasoro.com\/#organization"},"potentialAction":[{"@type":"SearchAction","target":{"@type":"EntryPoint","urlTemplate":"https:\/\/navelgasoro.com\/?s={search_term_string}"},"query-input":"required name=search_term_string"}],"inLanguage":"en-US"},{"@type":"Organization","@id":"https:\/\/navelgasoro.com\/#organization","name":"Navelgas Oro","url":"https:\/\/navelgasoro.com\/","logo":{"@type":"ImageObject","inLanguage":"en-US","@id":"https:\/\/navelgasoro.com\/#\/schema\/logo\/image\/","url":"https:\/\/navelgasoro.com\/wp-content\/uploads\/2024\/04\/Mesa-de-trabajo-1-1.png","contentUrl":"https:\/\/navelgasoro.com\/wp-content\/uploads\/2024\/04\/Mesa-de-trabajo-1-1.png","width":1920,"height":1080,"caption":"Navelgas Oro"},"image":{"@id":"https:\/\/navelgasoro.com\/#\/schema\/logo\/image\/"}}]}},"_links":{"self":[{"href":"https:\/\/navelgasoro.com\/en\/wp-json\/wp\/v2\/pages\/22501"}],"collection":[{"href":"https:\/\/navelgasoro.com\/en\/wp-json\/wp\/v2\/pages"}],"about":[{"href":"https:\/\/navelgasoro.com\/en\/wp-json\/wp\/v2\/types\/page"}],"author":[{"embeddable":true,"href":"https:\/\/navelgasoro.com\/en\/wp-json\/wp\/v2\/users\/3"}],"replies":[{"embeddable":true,"href":"https:\/\/navelgasoro.com\/en\/wp-json\/wp\/v2\/comments?post=22501"}],"version-history":[{"count":4,"href":"https:\/\/navelgasoro.com\/en\/wp-json\/wp\/v2\/pages\/22501\/revisions"}],"predecessor-version":[{"id":22505,"href":"https:\/\/navelgasoro.com\/en\/wp-json\/wp\/v2\/pages\/22501\/revisions\/22505"}],"wp:attachment":[{"href":"https:\/\/navelgasoro.com\/en\/wp-json\/wp\/v2\/media?parent=22501"}],"curies":[{"name":"wp","href":"https:\/\/api.w.org\/{rel}","templated":true}]}}