{"id":24440,"date":"2024-08-09T09:45:46","date_gmt":"2024-08-09T09:45:46","guid":{"rendered":"https:\/\/navelgasoro.com\/?post_type=product&#038;p=24440"},"modified":"2025-07-31T14:55:53","modified_gmt":"2025-07-31T14:55:53","slug":"parcela-para-caravana","status":"publish","type":"product","link":"https:\/\/navelgasoro.com\/en\/product\/parcela-para-caravana\/","title":{"rendered":"Parcela para caravana\/Pitch for caravan"},"content":{"rendered":"","protected":false},"excerpt":{"rendered":"<p>The opening dates of the campsite are <strong>from 31 July to 10 August <\/strong>(a total of <strong>10 nights<\/strong>).<\/p>\n<p>Includes security, electricity, toilets, showers (hot water all day), WiFi, dishwashing area and excellent location, next to the panning area.<\/p>\n<p>The pitch measures <strong>8x4m<\/strong>.<\/p>\n<p>&nbsp;<\/p>\n<p><strong><u>RETURNS POLICY<\/u><\/strong><\/p>\n<p>&nbsp;<\/p>\n<p>In the event of not being able to attend the championship, the refund policy will be as follows, upon request:<\/p>\n<p>* Until 13 July, 100% of the amount paid will be refunded.<\/p>\n<p>* From 14 July to 3 August, 50% of the amount paid will be refunded.<\/p>\n<p>* From 4 August, no refunds will be accepted.<\/p>","protected":false},"featured_media":25445,"template":"","meta":[],"product_cat":[72],"product_tag":[193],"yoast_head":"<!-- This site is optimized with the Yoast SEO plugin v22.7 - https:\/\/yoast.com\/wordpress\/plugins\/seo\/ -->\n<title>Parcela para caravana\/Pitch for caravan - Navelgas Oro<\/title>\n<meta name=\"robots\" content=\"index, follow, max-snippet:-1, max-image-preview:large, max-video-preview:-1\" \/>\n<link rel=\"canonical\" href=\"https:\/\/navelgasoro.com\/en\/product\/parcela-para-caravana\/\" \/>\n<meta property=\"og:locale\" content=\"en_US\" \/>\n<meta property=\"og:type\" content=\"article\" \/>\n<meta property=\"og:title\" content=\"Parcela para caravana\/Pitch for caravan - Navelgas Oro\" \/>\n<meta property=\"og:description\" content=\"Las fechas de apertura del camping son del 31 de julio al 10 de agosto (un total de 10 noches).  Incluye seguridad, electricidad, ba\u00f1os, duchas (agua caliente todo el d\u00eda), WiFi, zona para lavado de vajilla y excelente ubicaci\u00f3n, al lado de la zona de bateo.  La parcela mide 8x4m.  &nbsp;  POL\u00cdTICA DE DEVOLUCIONES  &nbsp;  En caso de que no se pueda asistir al campeonato, la pol\u00edtica de devoluciones, ser\u00e1 la siguiente, previa solicitud:  * Hasta el 13 de julio, se devolver\u00e1 el 100% del importe pagado.  * Del 14 de julio al 3 de agosto, se devolver\u00e1 el 50% del importe pagado.  * A partir del 4 de agosto, no se acepta ninguna devoluci\u00f3n.\" \/>\n<meta property=\"og:url\" content=\"https:\/\/navelgasoro.com\/en\/product\/parcela-para-caravana\/\" \/>\n<meta property=\"og:site_name\" content=\"Navelgas Oro\" \/>\n<meta property=\"article:modified_time\" content=\"2025-07-31T14:55:53+00:00\" \/>\n<meta property=\"og:image\" content=\"https:\/\/navelgasoro.com\/wp-content\/uploads\/2024\/08\/caravana.png\" \/>\n\t<meta property=\"og:image:width\" content=\"800\" \/>\n\t<meta property=\"og:image:height\" content=\"800\" \/>\n\t<meta property=\"og:image:type\" content=\"image\/png\" \/>\n<meta name=\"twitter:card\" content=\"summary_large_image\" \/>\n<meta name=\"twitter:label1\" content=\"Est. reading time\" \/>\n\t<meta name=\"twitter:data1\" content=\"1 minute\" \/>\n<script type=\"application\/ld+json\" class=\"yoast-schema-graph\">{\"@context\":\"https:\/\/schema.org\",\"@graph\":[{\"@type\":\"WebPage\",\"@id\":\"https:\/\/navelgasoro.com\/product\/parcela-para-caravana\/\",\"url\":\"https:\/\/navelgasoro.com\/product\/parcela-para-caravana\/\",\"name\":\"Parcela para caravana\/Pitch for caravan - Navelgas Oro\",\"isPartOf\":{\"@id\":\"https:\/\/navelgasoro.com\/#website\"},\"primaryImageOfPage\":{\"@id\":\"https:\/\/navelgasoro.com\/product\/parcela-para-caravana\/#primaryimage\"},\"image\":{\"@id\":\"https:\/\/navelgasoro.com\/product\/parcela-para-caravana\/#primaryimage\"},\"thumbnailUrl\":\"https:\/\/navelgasoro.com\/wp-content\/uploads\/2024\/08\/caravana.png\",\"datePublished\":\"2024-08-09T09:45:46+00:00\",\"dateModified\":\"2025-07-31T14:55:53+00:00\",\"breadcrumb\":{\"@id\":\"https:\/\/navelgasoro.com\/product\/parcela-para-caravana\/#breadcrumb\"},\"inLanguage\":\"en-US\",\"potentialAction\":[{\"@type\":\"ReadAction\",\"target\":[\"https:\/\/navelgasoro.com\/product\/parcela-para-caravana\/\"]}]},{\"@type\":\"ImageObject\",\"inLanguage\":\"en-US\",\"@id\":\"https:\/\/navelgasoro.com\/product\/parcela-para-caravana\/#primaryimage\",\"url\":\"https:\/\/navelgasoro.com\/wp-content\/uploads\/2024\/08\/caravana.png\",\"contentUrl\":\"https:\/\/navelgasoro.com\/wp-content\/uploads\/2024\/08\/caravana.png\",\"width\":800,\"height\":800},{\"@type\":\"BreadcrumbList\",\"@id\":\"https:\/\/navelgasoro.com\/product\/parcela-para-caravana\/#breadcrumb\",\"itemListElement\":[{\"@type\":\"ListItem\",\"position\":1,\"name\":\"Portada\",\"item\":\"https:\/\/navelgasoro.com\/\"},{\"@type\":\"ListItem\",\"position\":2,\"name\":\"Inscripciones\",\"item\":\"https:\/\/navelgasoro.com\/inscripciones\/\"},{\"@type\":\"ListItem\",\"position\":3,\"name\":\"Parcela para caravana\/Pitch for caravan\"}]},{\"@type\":\"WebSite\",\"@id\":\"https:\/\/navelgasoro.com\/#website\",\"url\":\"https:\/\/navelgasoro.com\/\",\"name\":\"Navelgas Oro\",\"description\":\"Asociaci\u00f3n de Bateadores de Oro \u201cBarciaecus\u201d de Navelgas\",\"publisher\":{\"@id\":\"https:\/\/navelgasoro.com\/#organization\"},\"potentialAction\":[{\"@type\":\"SearchAction\",\"target\":{\"@type\":\"EntryPoint\",\"urlTemplate\":\"https:\/\/navelgasoro.com\/?s={search_term_string}\"},\"query-input\":\"required name=search_term_string\"}],\"inLanguage\":\"en-US\"},{\"@type\":\"Organization\",\"@id\":\"https:\/\/navelgasoro.com\/#organization\",\"name\":\"Navelgas Oro\",\"url\":\"https:\/\/navelgasoro.com\/\",\"logo\":{\"@type\":\"ImageObject\",\"inLanguage\":\"en-US\",\"@id\":\"https:\/\/navelgasoro.com\/#\/schema\/logo\/image\/\",\"url\":\"https:\/\/navelgasoro.com\/wp-content\/uploads\/2024\/04\/Mesa-de-trabajo-1-1.png\",\"contentUrl\":\"https:\/\/navelgasoro.com\/wp-content\/uploads\/2024\/04\/Mesa-de-trabajo-1-1.png\",\"width\":1920,\"height\":1080,\"caption\":\"Navelgas Oro\"},\"image\":{\"@id\":\"https:\/\/navelgasoro.com\/#\/schema\/logo\/image\/\"}}]}<\/script>\n<!-- \/ Yoast SEO plugin. -->","yoast_head_json":{"title":"Parcela para caravana\/Pitch for caravan - Navelgas Oro","robots":{"index":"index","follow":"follow","max-snippet":"max-snippet:-1","max-image-preview":"max-image-preview:large","max-video-preview":"max-video-preview:-1"},"canonical":"https:\/\/navelgasoro.com\/en\/product\/parcela-para-caravana\/","og_locale":"en_US","og_type":"article","og_title":"Parcela para caravana\/Pitch for caravan - Navelgas Oro","og_description":"Las fechas de apertura del camping son del 31 de julio al 10 de agosto (un total de 10 noches).  Incluye seguridad, electricidad, ba\u00f1os, duchas (agua caliente todo el d\u00eda), WiFi, zona para lavado de vajilla y excelente ubicaci\u00f3n, al lado de la zona de bateo.  La parcela mide 8x4m.  &nbsp;  POL\u00cdTICA DE DEVOLUCIONES  &nbsp;  En caso de que no se pueda asistir al campeonato, la pol\u00edtica de devoluciones, ser\u00e1 la siguiente, previa solicitud:  * Hasta el 13 de julio, se devolver\u00e1 el 100% del importe pagado.  * Del 14 de julio al 3 de agosto, se devolver\u00e1 el 50% del importe pagado.  * A partir del 4 de agosto, no se acepta ninguna devoluci\u00f3n.","og_url":"https:\/\/navelgasoro.com\/en\/product\/parcela-para-caravana\/","og_site_name":"Navelgas Oro","article_modified_time":"2025-07-31T14:55:53+00:00","og_image":[{"width":800,"height":800,"url":"https:\/\/navelgasoro.com\/wp-content\/uploads\/2024\/08\/caravana.png","type":"image\/png"}],"twitter_card":"summary_large_image","twitter_misc":{"Est. reading time":"1 minute"},"schema":{"@context":"https:\/\/schema.org","@graph":[{"@type":"WebPage","@id":"https:\/\/navelgasoro.com\/product\/parcela-para-caravana\/","url":"https:\/\/navelgasoro.com\/product\/parcela-para-caravana\/","name":"Parcela para caravana\/Pitch for caravan - Navelgas Oro","isPartOf":{"@id":"https:\/\/navelgasoro.com\/#website"},"primaryImageOfPage":{"@id":"https:\/\/navelgasoro.com\/product\/parcela-para-caravana\/#primaryimage"},"image":{"@id":"https:\/\/navelgasoro.com\/product\/parcela-para-caravana\/#primaryimage"},"thumbnailUrl":"https:\/\/navelgasoro.com\/wp-content\/uploads\/2024\/08\/caravana.png","datePublished":"2024-08-09T09:45:46+00:00","dateModified":"2025-07-31T14:55:53+00:00","breadcrumb":{"@id":"https:\/\/navelgasoro.com\/product\/parcela-para-caravana\/#breadcrumb"},"inLanguage":"en-US","potentialAction":[{"@type":"ReadAction","target":["https:\/\/navelgasoro.com\/product\/parcela-para-caravana\/"]}]},{"@type":"ImageObject","inLanguage":"en-US","@id":"https:\/\/navelgasoro.com\/product\/parcela-para-caravana\/#primaryimage","url":"https:\/\/navelgasoro.com\/wp-content\/uploads\/2024\/08\/caravana.png","contentUrl":"https:\/\/navelgasoro.com\/wp-content\/uploads\/2024\/08\/caravana.png","width":800,"height":800},{"@type":"BreadcrumbList","@id":"https:\/\/navelgasoro.com\/product\/parcela-para-caravana\/#breadcrumb","itemListElement":[{"@type":"ListItem","position":1,"name":"Portada","item":"https:\/\/navelgasoro.com\/"},{"@type":"ListItem","position":2,"name":"Inscripciones","item":"https:\/\/navelgasoro.com\/inscripciones\/"},{"@type":"ListItem","position":3,"name":"Parcela para caravana\/Pitch for caravan"}]},{"@type":"WebSite","@id":"https:\/\/navelgasoro.com\/#website","url":"https:\/\/navelgasoro.com\/","name":"Navelgas Oro","description":"Asociaci\u00f3n de Bateadores de Oro \u201cBarciaecus\u201d de Navelgas","publisher":{"@id":"https:\/\/navelgasoro.com\/#organization"},"potentialAction":[{"@type":"SearchAction","target":{"@type":"EntryPoint","urlTemplate":"https:\/\/navelgasoro.com\/?s={search_term_string}"},"query-input":"required name=search_term_string"}],"inLanguage":"en-US"},{"@type":"Organization","@id":"https:\/\/navelgasoro.com\/#organization","name":"Navelgas Oro","url":"https:\/\/navelgasoro.com\/","logo":{"@type":"ImageObject","inLanguage":"en-US","@id":"https:\/\/navelgasoro.com\/#\/schema\/logo\/image\/","url":"https:\/\/navelgasoro.com\/wp-content\/uploads\/2024\/04\/Mesa-de-trabajo-1-1.png","contentUrl":"https:\/\/navelgasoro.com\/wp-content\/uploads\/2024\/04\/Mesa-de-trabajo-1-1.png","width":1920,"height":1080,"caption":"Navelgas Oro"},"image":{"@id":"https:\/\/navelgasoro.com\/#\/schema\/logo\/image\/"}}]}},"_links":{"self":[{"href":"https:\/\/navelgasoro.com\/en\/wp-json\/wp\/v2\/product\/24440"}],"collection":[{"href":"https:\/\/navelgasoro.com\/en\/wp-json\/wp\/v2\/product"}],"about":[{"href":"https:\/\/navelgasoro.com\/en\/wp-json\/wp\/v2\/types\/product"}],"wp:featuredmedia":[{"embeddable":true,"href":"https:\/\/navelgasoro.com\/en\/wp-json\/wp\/v2\/media\/25445"}],"wp:attachment":[{"href":"https:\/\/navelgasoro.com\/en\/wp-json\/wp\/v2\/media?parent=24440"}],"wp:term":[{"taxonomy":"product_cat","embeddable":true,"href":"https:\/\/navelgasoro.com\/en\/wp-json\/wp\/v2\/product_cat?post=24440"},{"taxonomy":"product_tag","embeddable":true,"href":"https:\/\/navelgasoro.com\/en\/wp-json\/wp\/v2\/product_tag?post=24440"}],"curies":[{"name":"wp","href":"https:\/\/api.w.org\/{rel}","templated":true}]}}